{"id":2294,"date":"2021-06-23T13:36:28","date_gmt":"2021-06-23T11:36:28","guid":{"rendered":"https:\/\/catuslaw.com\/ombudsperson\/"},"modified":"2023-08-18T11:38:05","modified_gmt":"2023-08-18T09:38:05","slug":"ombudsman","status":"publish","type":"page","link":"https:\/\/catuslaw.com\/es\/ombudsman\/","title":{"rendered":"Ombudsman"},"content":{"rendered":"\n<!-- Block-Wrapper Anfang -->\n<div id=\"content-2col-block_bb5968e965f6793024a9a6db23d1ad0a\" class=\"block block--content-2col pt-5 pb-5    \">\n    <div class=\"block__inner block__inner--content-2col container \">\n    <!-- \/Block-Wrapper Anfang -->\n\n\n\n        <div class=\"content row  justify-content-between\">\n          <div class=\"content__spalte content__spalte--1 col-12 col-lg-3 pb-3 pb-lg-0\">\n            \n\n  <div class=\"content__modul content__img content__img--free\">\n    <img decoding=\"async\" src=\"https:\/\/catuslaw.com\/wp-content\/uploads\/2021\/09\/Stefanie-Trossbach-Ombudsperson.png\">\n      <\/div>\n\n          <\/div>\n          <div class=\"content__spalte content__spalte--2 col-12 col-lg-8 pb-0\">\n            \n<div class=\"content__modul content__text\">\n  <h1>Ombudsman\/<br \/>\nabogado de confianza<\/h1>\n<p><strong>Dr. Stephanie Tro\u00dfbach desempe\u00f1a la funci\u00f3n de ombudsman para empresas.<\/strong>\u00a0El ombudsman o abogado de confianza representa los intereses del cliente desde una posici\u00f3n independiente, asumiendo y presentando quejas; tambi\u00e9n puede realizar investigaciones internas.<\/p>\n<p>La funci\u00f3n propia del ombudsman sirve para prevenir y revelar incumplimientos legales (u otras infracciones normativas) en empresas y organizaciones. De esta manera forma parte de un sistema de gesti\u00f3n del cumplimiento normativo eficaz (Compliance Management System (CMS)) y gesti\u00f3n del riesgo.<\/p>\n<\/div>\n          <\/div>\n        <\/div>\n\n\n<!-- Block-Wrapper Ende -->\n      <\/div><!-- .block__inner -->\n<\/div><!-- .block -->\n<!-- \/Block-Wrapper Ende -->\n\n\n  <style type=\"text\/css\">\n    #content-2col-block_bb5968e965f6793024a9a6db23d1ad0a{      background-color: #FFFFFF;          }                          <\/style>\n\n\n\n<!-- Block-Wrapper Anfang -->\n<div id=\"content-1col-block_5db3a062a25933c6a166ecf4b98d1c19\" class=\"block block--content-1col pt-5 pb-5   \">\n  <div class=\"block__inner block__inner--content-1col container \">\n    <!-- \/Block-Wrapper Anfang -->\n\n        <div class=\"row\">\n                    <div class=\"col-12\">\n          \n          \n            \n<div class=\"content__modul content__text\">\n  <h2>Canales de comunicaci\u00f3n<\/h2>\n<p>Las comunicaciones pueden remitirse b\u00e1sicamente a trav\u00e9s de los canales siguientes:<\/p>\n<ul>\n<li>N\u00famero de tel\u00e9fono individual<\/li>\n<li>Direcci\u00f3n de correo electr\u00f3nico personalizada (p. ej. Ombudsman.nombre de empresa@catuslaw.com)<\/li>\n<li>P\u00e1gina web con formulario de contacto y transmisi\u00f3n encriptada<\/li>\n<li>Carta<\/li>\n<\/ul>\n<\/div>\n\n          \n\n          <\/div>\n        <\/div>\n\n<!-- Block-Wrapper Ende -->\n      <\/div><!-- .block__inner -->\n<\/div><!-- .block -->\n<!-- \/Block-Wrapper Ende -->\n\n<script>\n\nvar kachelID = '#content-1col-block_5db3a062a25933c6a166ecf4b98d1c19';\n\noneColSlider(kachelID);\n\nfunction oneColSlider(kachelID){\n\n  var kachelSelector = kachelID + ' .onecol-slider__inner';\n  var dotSelector = kachelID + ' .onecol-slider__dots';\n  var arrowsSelector = kachelID + ' .onecol-slider__arrows';\n\n  jQuery( document ).ready(function() {\n      jQuery(kachelSelector).slick({\n        dots: true,\n        appendDots: jQuery(dotSelector),\n        arrows: true,\n        appendArrows: jQuery(arrowsSelector),\n        prevArrow: '<i class=\"fas fa-arrow-alt-circle-left onecol-slider__arrows--prev\"><\/i>',\n        nextArrow: '<i class=\"fas fa-arrow-alt-circle-right onecol-slider__arrows--next\"><\/i>',\n        infinite: true,\n        speed: 500,\n        autoplay: true,\n        autoplaySpeed: 10000,\n        slidesToShow: 1\n\n      });\n    });\n\n}\n<\/script>\n\n\n  <style type=\"text\/css\">\n    #content-1col-block_5db3a062a25933c6a166ecf4b98d1c19{      background-color: #f5f4f2;          }                  <\/style>\n","protected":false},"excerpt":{"rendered":"","protected":false},"author":1,"featured_media":0,"parent":0,"menu_order":10,"comment_status":"closed","ping_status":"closed","template":"","meta":{"_acf_changed":false,"footnotes":""},"class_list":["post-2294","page","type-page","status-publish","hentry"],"acf":[],"yoast_head":"<!-- This site is optimized with the Yoast SEO plugin v27.2 - https:\/\/yoast.com\/product\/yoast-seo-wordpress\/ -->\n<title>Ombudsman &#8211; Catus [ Law + Compliance ]<\/title>\n<meta name=\"description\" content=\"Catus ist eine auf Compliance, unternehmensstrafrechtliche Beratung und Datenschutz spezialisierte Kanzlei und ist zudem als Ombudsstelle f\u00fcr Unternehmen t\u00e4tig.\" \/>\n<meta name=\"robots\" content=\"index, follow, max-snippet:-1, max-image-preview:large, max-video-preview:-1\" \/>\n<link rel=\"canonical\" href=\"https:\/\/catuslaw.com\/es\/ombudsman\/\" \/>\n<meta property=\"og:locale\" content=\"es_ES\" \/>\n<meta property=\"og:type\" content=\"article\" \/>\n<meta property=\"og:title\" content=\"Ombudsman &#8211; Catus [ Law + Compliance ]\" \/>\n<meta property=\"og:description\" content=\"Catus ist eine auf Compliance, unternehmensstrafrechtliche Beratung und Datenschutz spezialisierte Kanzlei und ist zudem als Ombudsstelle f\u00fcr Unternehmen t\u00e4tig.\" \/>\n<meta property=\"og:url\" content=\"https:\/\/catuslaw.com\/es\/ombudsman\/\" \/>\n<meta property=\"og:site_name\" content=\"Catus Law + Compliance\" \/>\n<meta property=\"article:modified_time\" content=\"2023-08-18T09:38:05+00:00\" \/>\n<meta name=\"twitter:card\" content=\"summary_large_image\" \/>\n<script type=\"application\/ld+json\" class=\"yoast-schema-graph\">{\"@context\":\"https:\/\/schema.org\",\"@graph\":[{\"@type\":\"WebPage\",\"@id\":\"https:\/\/catuslaw.com\/es\/ombudsman\/\",\"url\":\"https:\/\/catuslaw.com\/es\/ombudsman\/\",\"name\":\"Ombudsman &#8211; Catus [ Law + Compliance ]\",\"isPartOf\":{\"@id\":\"https:\/\/catuslaw.com\/#website\"},\"datePublished\":\"2021-06-23T11:36:28+00:00\",\"dateModified\":\"2023-08-18T09:38:05+00:00\",\"description\":\"Catus ist eine auf Compliance, unternehmensstrafrechtliche Beratung und Datenschutz spezialisierte Kanzlei und ist zudem als Ombudsstelle f\u00fcr Unternehmen t\u00e4tig.\",\"breadcrumb\":{\"@id\":\"https:\/\/catuslaw.com\/es\/ombudsman\/#breadcrumb\"},\"inLanguage\":\"es-ES\",\"potentialAction\":[{\"@type\":\"ReadAction\",\"target\":[\"https:\/\/catuslaw.com\/es\/ombudsman\/\"]}]},{\"@type\":\"BreadcrumbList\",\"@id\":\"https:\/\/catuslaw.com\/es\/ombudsman\/#breadcrumb\",\"itemListElement\":[{\"@type\":\"ListItem\",\"position\":1,\"name\":\"Startseite\",\"item\":\"https:\/\/catuslaw.com\/\"},{\"@type\":\"ListItem\",\"position\":2,\"name\":\"Ombudsman\"}]},{\"@type\":\"WebSite\",\"@id\":\"https:\/\/catuslaw.com\/#website\",\"url\":\"https:\/\/catuslaw.com\/\",\"name\":\"Catus Law + Compliance\",\"description\":\"Dr. Stephanie Tro\u00dfbach\",\"publisher\":{\"@id\":\"https:\/\/catuslaw.com\/#organization\"},\"inLanguage\":\"es-ES\"},{\"@type\":\"Organization\",\"@id\":\"https:\/\/catuslaw.com\/#organization\",\"name\":\"Catus [ Law + Compliance ]\",\"url\":\"https:\/\/catuslaw.com\/\",\"logo\":{\"@type\":\"ImageObject\",\"inLanguage\":\"es-ES\",\"@id\":\"https:\/\/catuslaw.com\/#\/schema\/logo\/image\/\",\"url\":\"https:\/\/catuslaw.com\/wp-content\/uploads\/2021\/06\/Bildschirmfoto-2021-06-07-um-11.58.00.png\",\"contentUrl\":\"https:\/\/catuslaw.com\/wp-content\/uploads\/2021\/06\/Bildschirmfoto-2021-06-07-um-11.58.00.png\",\"width\":1302,\"height\":957,\"caption\":\"Catus [ Law + Compliance ]\"},\"image\":{\"@id\":\"https:\/\/catuslaw.com\/#\/schema\/logo\/image\/\"}}]}<\/script>\n<!-- \/ Yoast SEO plugin. -->","yoast_head_json":{"title":"Ombudsman &#8211; Catus [ Law + Compliance ]","description":"Catus ist eine auf Compliance, unternehmensstrafrechtliche Beratung und Datenschutz spezialisierte Kanzlei und ist zudem als Ombudsstelle f\u00fcr Unternehmen t\u00e4tig.","robots":{"index":"index","follow":"follow","max-snippet":"max-snippet:-1","max-image-preview":"max-image-preview:large","max-video-preview":"max-video-preview:-1"},"canonical":"https:\/\/catuslaw.com\/es\/ombudsman\/","og_locale":"es_ES","og_type":"article","og_title":"Ombudsman &#8211; Catus [ Law + Compliance ]","og_description":"Catus ist eine auf Compliance, unternehmensstrafrechtliche Beratung und Datenschutz spezialisierte Kanzlei und ist zudem als Ombudsstelle f\u00fcr Unternehmen t\u00e4tig.","og_url":"https:\/\/catuslaw.com\/es\/ombudsman\/","og_site_name":"Catus Law + Compliance","article_modified_time":"2023-08-18T09:38:05+00:00","twitter_card":"summary_large_image","schema":{"@context":"https:\/\/schema.org","@graph":[{"@type":"WebPage","@id":"https:\/\/catuslaw.com\/es\/ombudsman\/","url":"https:\/\/catuslaw.com\/es\/ombudsman\/","name":"Ombudsman &#8211; Catus [ Law + Compliance ]","isPartOf":{"@id":"https:\/\/catuslaw.com\/#website"},"datePublished":"2021-06-23T11:36:28+00:00","dateModified":"2023-08-18T09:38:05+00:00","description":"Catus ist eine auf Compliance, unternehmensstrafrechtliche Beratung und Datenschutz spezialisierte Kanzlei und ist zudem als Ombudsstelle f\u00fcr Unternehmen t\u00e4tig.","breadcrumb":{"@id":"https:\/\/catuslaw.com\/es\/ombudsman\/#breadcrumb"},"inLanguage":"es-ES","potentialAction":[{"@type":"ReadAction","target":["https:\/\/catuslaw.com\/es\/ombudsman\/"]}]},{"@type":"BreadcrumbList","@id":"https:\/\/catuslaw.com\/es\/ombudsman\/#breadcrumb","itemListElement":[{"@type":"ListItem","position":1,"name":"Startseite","item":"https:\/\/catuslaw.com\/"},{"@type":"ListItem","position":2,"name":"Ombudsman"}]},{"@type":"WebSite","@id":"https:\/\/catuslaw.com\/#website","url":"https:\/\/catuslaw.com\/","name":"Catus Law + Compliance","description":"Dr. Stephanie Tro\u00dfbach","publisher":{"@id":"https:\/\/catuslaw.com\/#organization"},"inLanguage":"es-ES"},{"@type":"Organization","@id":"https:\/\/catuslaw.com\/#organization","name":"Catus [ Law + Compliance ]","url":"https:\/\/catuslaw.com\/","logo":{"@type":"ImageObject","inLanguage":"es-ES","@id":"https:\/\/catuslaw.com\/#\/schema\/logo\/image\/","url":"https:\/\/catuslaw.com\/wp-content\/uploads\/2021\/06\/Bildschirmfoto-2021-06-07-um-11.58.00.png","contentUrl":"https:\/\/catuslaw.com\/wp-content\/uploads\/2021\/06\/Bildschirmfoto-2021-06-07-um-11.58.00.png","width":1302,"height":957,"caption":"Catus [ Law + Compliance ]"},"image":{"@id":"https:\/\/catuslaw.com\/#\/schema\/logo\/image\/"}}]}},"_links":{"self":[{"href":"https:\/\/catuslaw.com\/es\/wp-json\/wp\/v2\/pages\/2294","targetHints":{"allow":["GET"]}}],"collection":[{"href":"https:\/\/catuslaw.com\/es\/wp-json\/wp\/v2\/pages"}],"about":[{"href":"https:\/\/catuslaw.com\/es\/wp-json\/wp\/v2\/types\/page"}],"author":[{"embeddable":true,"href":"https:\/\/catuslaw.com\/es\/wp-json\/wp\/v2\/users\/1"}],"replies":[{"embeddable":true,"href":"https:\/\/catuslaw.com\/es\/wp-json\/wp\/v2\/comments?post=2294"}],"version-history":[{"count":37,"href":"https:\/\/catuslaw.com\/es\/wp-json\/wp\/v2\/pages\/2294\/revisions"}],"predecessor-version":[{"id":4607,"href":"https:\/\/catuslaw.com\/es\/wp-json\/wp\/v2\/pages\/2294\/revisions\/4607"}],"wp:attachment":[{"href":"https:\/\/catuslaw.com\/es\/wp-json\/wp\/v2\/media?parent=2294"}],"curies":[{"name":"wp","href":"https:\/\/api.w.org\/{rel}","templated":true}]}}