{"id":2279,"date":"2021-06-23T13:36:28","date_gmt":"2021-06-23T11:36:28","guid":{"rendered":"https:\/\/catuslaw.com\/ombudsperson\/"},"modified":"2023-08-18T11:37:07","modified_gmt":"2023-08-18T09:37:07","slug":"rzecznik-etyki","status":"publish","type":"page","link":"https:\/\/catuslaw.com\/pl\/rzecznik-etyki\/","title":{"rendered":"Rzecznik etyki"},"content":{"rendered":"\n<!-- Block-Wrapper Anfang -->\n<div id=\"content-2col-block_0fac79bc672caa07e056fb74172ade5f\" class=\"block block--content-2col pt-5 pb-5    \">\n    <div class=\"block__inner block__inner--content-2col container \">\n    <!-- \/Block-Wrapper Anfang -->\n\n\n\n        <div class=\"content row  justify-content-between\">\n          <div class=\"content__spalte content__spalte--1 col-12 col-lg-3 pb-3 pb-lg-0\">\n            \n\n  <div class=\"content__modul content__img content__img--free\">\n    <img decoding=\"async\" src=\"https:\/\/catuslaw.com\/wp-content\/uploads\/2021\/09\/Stefanie-Trossbach-Ombudsperson.png\">\n      <\/div>\n\n          <\/div>\n          <div class=\"content__spalte content__spalte--2 col-12 col-lg-8 pb-0\">\n            \n<div class=\"content__modul content__text\">\n  <h1>Rzecznik etyki\/adwokat zaufania<\/h1>\n<p><strong>Dr Stephanie Tro\u00dfbach sprawuje funkcj\u0119 rzecznika etyki w przedsi\u0119biorstwach.<\/strong>\u00a0Rzecznik etyki, zwany tak\u017ce adwokatem zaufania, jest niezale\u017cnym partnerem, kt\u00f3ry reprezentuje interes swego zleceniodawcy, przyjmuj\u0105c i wyja\u015bniaj\u0105c skargi oraz prowadz\u0105c wewn\u0119trzne post\u0119powania wyja\u015bniaj\u0105ce.<\/p>\n<p>Rzecznika etyki powo\u0142uje si\u0119 w celu zapobiegania naruszeniom przepis\u00f3w prawa (lub innych zasad compliance) w przedsi\u0119biorstwach i organizacjach oraz wykrywania takich narusze\u0144. Tym samym jest on elementem skutecznego systemu Compliance Management (CMS) oraz polityki zarz\u0105dzania ryzykiem.<\/p>\n<\/div>\n          <\/div>\n        <\/div>\n\n\n<!-- Block-Wrapper Ende -->\n      <\/div><!-- .block__inner -->\n<\/div><!-- .block -->\n<!-- \/Block-Wrapper Ende -->\n\n\n  <style type=\"text\/css\">\n    #content-2col-block_0fac79bc672caa07e056fb74172ade5f{      background-color: #FFFFFF;          }                          <\/style>\n\n\n\n<!-- Block-Wrapper Anfang -->\n<div id=\"content-2col-block_4254cf0d645ac4ecdcdc7087ed5624f1\" class=\"block block--content-2col pt-5 pb-5    \">\n    <div class=\"block__inner block__inner--content-2col container \">\n    <!-- \/Block-Wrapper Anfang -->\n\n\n\n        <div class=\"content row align-items-center justify-content-between\">\n          <div class=\"content__spalte content__spalte--1 col-12 col-lg-10 pb-3 pb-lg-0\">\n            \n<div class=\"content__modul content__text\">\n  <h2>Kana\u0142\u00f3w komunikacji<\/h2>\n<p><strong>Zg\u0142oszenia mo\u017cna sk\u0142ada\u0107 za pomoc\u0105 nast\u0119puj\u0105cych kana\u0142\u00f3w komunikacji:<\/strong><\/p>\n<ul>\n<li>Indywidualny numer telefonu<\/li>\n<li>Spersonalizowany adres mailowy (np. ombudsman.Unternehmensname@catuslaw.com)<\/li>\n<li>Szyfrowany elektroniczny formularz kontaktowy<\/li>\n<li>Poczta tradycyjna<\/li>\n<\/ul>\n<\/div>\n          <\/div>\n          <div class=\"content__spalte content__spalte--2 col-12 col-lg-2 pb-0\">\n            \n<div class=\"content__modul content__text\">\n  <\/div>\n          <\/div>\n        <\/div>\n\n\n<!-- Block-Wrapper Ende -->\n      <\/div><!-- .block__inner -->\n<\/div><!-- .block -->\n<!-- \/Block-Wrapper Ende -->\n\n\n  <style type=\"text\/css\">\n    #content-2col-block_4254cf0d645ac4ecdcdc7087ed5624f1{      background-color: #f5f4f2;          }                          <\/style>\n","protected":false},"excerpt":{"rendered":"","protected":false},"author":1,"featured_media":0,"parent":0,"menu_order":11,"comment_status":"closed","ping_status":"closed","template":"","meta":{"_acf_changed":false,"footnotes":""},"class_list":["post-2279","page","type-page","status-publish","hentry"],"acf":[],"yoast_head":"<!-- This site is optimized with the Yoast SEO plugin v27.2 - https:\/\/yoast.com\/product\/yoast-seo-wordpress\/ -->\n<title>Rzecznik etyki &#8211; Catus [ Law + Compliance ]<\/title>\n<meta name=\"description\" content=\"Catus ist eine auf Compliance, unternehmensstrafrechtliche Beratung und Datenschutz spezialisierte Kanzlei und ist zudem als Ombudsstelle f\u00fcr Unternehmen t\u00e4tig.\" \/>\n<meta name=\"robots\" content=\"index, follow, max-snippet:-1, max-image-preview:large, max-video-preview:-1\" \/>\n<link rel=\"canonical\" href=\"https:\/\/catuslaw.com\/pl\/rzecznik-etyki\/\" \/>\n<meta property=\"og:locale\" content=\"pl_PL\" \/>\n<meta property=\"og:type\" content=\"article\" \/>\n<meta property=\"og:title\" content=\"Rzecznik etyki &#8211; Catus [ Law + Compliance ]\" \/>\n<meta property=\"og:description\" content=\"Catus ist eine auf Compliance, unternehmensstrafrechtliche Beratung und Datenschutz spezialisierte Kanzlei und ist zudem als Ombudsstelle f\u00fcr Unternehmen t\u00e4tig.\" \/>\n<meta property=\"og:url\" content=\"https:\/\/catuslaw.com\/pl\/rzecznik-etyki\/\" \/>\n<meta property=\"og:site_name\" content=\"Catus Law + Compliance\" \/>\n<meta property=\"article:modified_time\" content=\"2023-08-18T09:37:07+00:00\" \/>\n<meta name=\"twitter:card\" content=\"summary_large_image\" \/>\n<script type=\"application\/ld+json\" class=\"yoast-schema-graph\">{\"@context\":\"https:\/\/schema.org\",\"@graph\":[{\"@type\":\"WebPage\",\"@id\":\"https:\/\/catuslaw.com\/pl\/rzecznik-etyki\/\",\"url\":\"https:\/\/catuslaw.com\/pl\/rzecznik-etyki\/\",\"name\":\"Rzecznik etyki &#8211; Catus [ Law + Compliance ]\",\"isPartOf\":{\"@id\":\"https:\/\/catuslaw.com\/#website\"},\"datePublished\":\"2021-06-23T11:36:28+00:00\",\"dateModified\":\"2023-08-18T09:37:07+00:00\",\"description\":\"Catus ist eine auf Compliance, unternehmensstrafrechtliche Beratung und Datenschutz spezialisierte Kanzlei und ist zudem als Ombudsstelle f\u00fcr Unternehmen t\u00e4tig.\",\"breadcrumb\":{\"@id\":\"https:\/\/catuslaw.com\/pl\/rzecznik-etyki\/#breadcrumb\"},\"inLanguage\":\"pl-PL\",\"potentialAction\":[{\"@type\":\"ReadAction\",\"target\":[\"https:\/\/catuslaw.com\/pl\/rzecznik-etyki\/\"]}]},{\"@type\":\"BreadcrumbList\",\"@id\":\"https:\/\/catuslaw.com\/pl\/rzecznik-etyki\/#breadcrumb\",\"itemListElement\":[{\"@type\":\"ListItem\",\"position\":1,\"name\":\"Startseite\",\"item\":\"https:\/\/catuslaw.com\/\"},{\"@type\":\"ListItem\",\"position\":2,\"name\":\"Rzecznik etyki\"}]},{\"@type\":\"WebSite\",\"@id\":\"https:\/\/catuslaw.com\/#website\",\"url\":\"https:\/\/catuslaw.com\/\",\"name\":\"Catus Law + Compliance\",\"description\":\"Dr. Stephanie Tro\u00dfbach\",\"publisher\":{\"@id\":\"https:\/\/catuslaw.com\/#organization\"},\"inLanguage\":\"pl-PL\"},{\"@type\":\"Organization\",\"@id\":\"https:\/\/catuslaw.com\/#organization\",\"name\":\"Catus [ Law + Compliance ]\",\"url\":\"https:\/\/catuslaw.com\/\",\"logo\":{\"@type\":\"ImageObject\",\"inLanguage\":\"pl-PL\",\"@id\":\"https:\/\/catuslaw.com\/#\/schema\/logo\/image\/\",\"url\":\"https:\/\/catuslaw.com\/wp-content\/uploads\/2021\/06\/Bildschirmfoto-2021-06-07-um-11.58.00.png\",\"contentUrl\":\"https:\/\/catuslaw.com\/wp-content\/uploads\/2021\/06\/Bildschirmfoto-2021-06-07-um-11.58.00.png\",\"width\":1302,\"height\":957,\"caption\":\"Catus [ Law + Compliance ]\"},\"image\":{\"@id\":\"https:\/\/catuslaw.com\/#\/schema\/logo\/image\/\"}}]}<\/script>\n<!-- \/ Yoast SEO plugin. -->","yoast_head_json":{"title":"Rzecznik etyki &#8211; Catus [ Law + Compliance ]","description":"Catus ist eine auf Compliance, unternehmensstrafrechtliche Beratung und Datenschutz spezialisierte Kanzlei und ist zudem als Ombudsstelle f\u00fcr Unternehmen t\u00e4tig.","robots":{"index":"index","follow":"follow","max-snippet":"max-snippet:-1","max-image-preview":"max-image-preview:large","max-video-preview":"max-video-preview:-1"},"canonical":"https:\/\/catuslaw.com\/pl\/rzecznik-etyki\/","og_locale":"pl_PL","og_type":"article","og_title":"Rzecznik etyki &#8211; Catus [ Law + Compliance ]","og_description":"Catus ist eine auf Compliance, unternehmensstrafrechtliche Beratung und Datenschutz spezialisierte Kanzlei und ist zudem als Ombudsstelle f\u00fcr Unternehmen t\u00e4tig.","og_url":"https:\/\/catuslaw.com\/pl\/rzecznik-etyki\/","og_site_name":"Catus Law + Compliance","article_modified_time":"2023-08-18T09:37:07+00:00","twitter_card":"summary_large_image","schema":{"@context":"https:\/\/schema.org","@graph":[{"@type":"WebPage","@id":"https:\/\/catuslaw.com\/pl\/rzecznik-etyki\/","url":"https:\/\/catuslaw.com\/pl\/rzecznik-etyki\/","name":"Rzecznik etyki &#8211; Catus [ Law + Compliance ]","isPartOf":{"@id":"https:\/\/catuslaw.com\/#website"},"datePublished":"2021-06-23T11:36:28+00:00","dateModified":"2023-08-18T09:37:07+00:00","description":"Catus ist eine auf Compliance, unternehmensstrafrechtliche Beratung und Datenschutz spezialisierte Kanzlei und ist zudem als Ombudsstelle f\u00fcr Unternehmen t\u00e4tig.","breadcrumb":{"@id":"https:\/\/catuslaw.com\/pl\/rzecznik-etyki\/#breadcrumb"},"inLanguage":"pl-PL","potentialAction":[{"@type":"ReadAction","target":["https:\/\/catuslaw.com\/pl\/rzecznik-etyki\/"]}]},{"@type":"BreadcrumbList","@id":"https:\/\/catuslaw.com\/pl\/rzecznik-etyki\/#breadcrumb","itemListElement":[{"@type":"ListItem","position":1,"name":"Startseite","item":"https:\/\/catuslaw.com\/"},{"@type":"ListItem","position":2,"name":"Rzecznik etyki"}]},{"@type":"WebSite","@id":"https:\/\/catuslaw.com\/#website","url":"https:\/\/catuslaw.com\/","name":"Catus Law + Compliance","description":"Dr. Stephanie Tro\u00dfbach","publisher":{"@id":"https:\/\/catuslaw.com\/#organization"},"inLanguage":"pl-PL"},{"@type":"Organization","@id":"https:\/\/catuslaw.com\/#organization","name":"Catus [ Law + Compliance ]","url":"https:\/\/catuslaw.com\/","logo":{"@type":"ImageObject","inLanguage":"pl-PL","@id":"https:\/\/catuslaw.com\/#\/schema\/logo\/image\/","url":"https:\/\/catuslaw.com\/wp-content\/uploads\/2021\/06\/Bildschirmfoto-2021-06-07-um-11.58.00.png","contentUrl":"https:\/\/catuslaw.com\/wp-content\/uploads\/2021\/06\/Bildschirmfoto-2021-06-07-um-11.58.00.png","width":1302,"height":957,"caption":"Catus [ Law + Compliance ]"},"image":{"@id":"https:\/\/catuslaw.com\/#\/schema\/logo\/image\/"}}]}},"_links":{"self":[{"href":"https:\/\/catuslaw.com\/pl\/wp-json\/wp\/v2\/pages\/2279","targetHints":{"allow":["GET"]}}],"collection":[{"href":"https:\/\/catuslaw.com\/pl\/wp-json\/wp\/v2\/pages"}],"about":[{"href":"https:\/\/catuslaw.com\/pl\/wp-json\/wp\/v2\/types\/page"}],"author":[{"embeddable":true,"href":"https:\/\/catuslaw.com\/pl\/wp-json\/wp\/v2\/users\/1"}],"replies":[{"embeddable":true,"href":"https:\/\/catuslaw.com\/pl\/wp-json\/wp\/v2\/comments?post=2279"}],"version-history":[{"count":30,"href":"https:\/\/catuslaw.com\/pl\/wp-json\/wp\/v2\/pages\/2279\/revisions"}],"predecessor-version":[{"id":4605,"href":"https:\/\/catuslaw.com\/pl\/wp-json\/wp\/v2\/pages\/2279\/revisions\/4605"}],"wp:attachment":[{"href":"https:\/\/catuslaw.com\/pl\/wp-json\/wp\/v2\/media?parent=2279"}],"curies":[{"name":"wp","href":"https:\/\/api.w.org\/{rel}","templated":true}]}}